{"id":69,"date":"2021-08-03T10:40:16","date_gmt":"2021-08-03T10:40:16","guid":{"rendered":"https:\/\/baltisaksaselts.ee\/?page_id=69"},"modified":"2024-03-18T07:26:03","modified_gmt":"2024-03-18T07:26:03","slug":"videod","status":"publish","type":"page","link":"https:\/\/baltisaksaselts.ee\/de\/videod\/","title":{"rendered":"VIDEOS"},"content":{"rendered":"\n<h3 class=\"wp-block-heading\">Aufkl\u00e4rung, Freimaurerei, Estland<\/h3>\n\n\n\n<figure class=\"wp-block-embed is-type-video is-provider-youtube wp-block-embed-youtube wp-embed-aspect-16-9 wp-has-aspect-ratio\"><div class=\"wp-block-embed__wrapper\">\n<iframe loading=\"lazy\" title=\"Valgustus, vabamuurlus, Eesti 1\" width=\"1170\" height=\"658\" src=\"https:\/\/www.youtube.com\/embed\/ZdwBnbszQwo?feature=oembed\" frameborder=\"0\" allow=\"accelerometer; autoplay; clipboard-write; encrypted-media; gyroscope; picture-in-picture; web-share\" allowfullscreen><\/iframe>\n<\/div><\/figure>\n\n\n\n<p><\/p>\n\n\n\n<h3 class=\"wp-block-heading\">Arbeitsblatt zum Video \u201eAufkl\u00e4rung, Freimaurerei, Estland\u201c<\/h3>\n\n\n\n<div data-wp-interactive=\"core\/file\" class=\"wp-block-file\"><object data-wp-bind--hidden=\"!state.hasPdfPreview\" hidden class=\"wp-block-file__embed\" data=\"https:\/\/baltisaksaselts.ee\/wp-content\/uploads\/2021\/08\/final_vabamyyrlased.pdf\" type=\"application\/pdf\" style=\"width:100%;height:600px\" aria-label=\"Einbettung von Embed of VABAM\u00dc\u00dcRLUS T\u00d6\u00d6LEHT..\"><\/object><a href=\"https:\/\/baltisaksaselts.ee\/wp-content\/uploads\/2021\/08\/final_vabamyyrlased.pdf\">VABAM\u00dc\u00dcRLUS T\u00d6\u00d6LEHT<\/a><a href=\"https:\/\/baltisaksaselts.ee\/wp-content\/uploads\/2021\/08\/final_vabamyyrlased.pdf\" class=\"wp-block-file__button\" download>Laadi alla<\/a><\/div>\n\n\n\n<p><\/p>\n\n\n\n<figure class=\"wp-block-embed is-type-video is-provider-youtube wp-block-embed-youtube wp-embed-aspect-16-9 wp-has-aspect-ratio\"><div class=\"wp-block-embed__wrapper\">\n<iframe loading=\"lazy\" title=\"Hannes Vinnali ja Hilkka Hiiopi ettekanne Baltisaksa Kultuuri Selts Eestis 25  novembril 2020 H\u00f5reda\" width=\"1170\" height=\"658\" src=\"https:\/\/www.youtube.com\/embed\/hnBTB4iWSR0?feature=oembed\" frameborder=\"0\" allow=\"accelerometer; autoplay; clipboard-write; encrypted-media; gyroscope; picture-in-picture; web-share\" allowfullscreen><\/iframe>\n<\/div><\/figure>\n\n\n\n<p><\/p>\n\n\n\n<h3 class=\"wp-block-heading\">Thementag \u201eDeutschbaltisches Kulturerbe in den Ged\u00e4chtniseinrichtungen Estlands\u201c<\/h3>\n\n\n\n<figure class=\"wp-block-embed is-type-video is-provider-youtube wp-block-embed-youtube wp-embed-aspect-16-9 wp-has-aspect-ratio\"><div class=\"wp-block-embed__wrapper\">\n<iframe loading=\"lazy\" title=\"Teemap\u00e4ev &quot;Baltisaksa kultuurip\u00e4rand Eesti m\u00e4luasutustes&quot; (1. osa)\" width=\"1170\" height=\"658\" src=\"https:\/\/www.youtube.com\/embed\/o1arJSjFbjo?list=PLJqER6uJKnn7tP5aR_C986S45bzIioP-7\" frameborder=\"0\" allow=\"accelerometer; autoplay; clipboard-write; encrypted-media; gyroscope; picture-in-picture; web-share\" allowfullscreen><\/iframe>\n<\/div><\/figure>\n\n\n\n<figure class=\"wp-block-embed is-type-video is-provider-youtube wp-block-embed-youtube wp-embed-aspect-16-9 wp-has-aspect-ratio\"><div class=\"wp-block-embed__wrapper\">\n<iframe loading=\"lazy\" title=\"Teemap\u00e4ev &quot;Baltisaksa kultuurip\u00e4rand Eesti m\u00e4luasutustes&quot; (2. osa)\" width=\"1170\" height=\"658\" src=\"https:\/\/www.youtube.com\/embed\/_ppTH2JtXFo?list=PLJqER6uJKnn7tP5aR_C986S45bzIioP-7\" frameborder=\"0\" allow=\"accelerometer; autoplay; clipboard-write; encrypted-media; gyroscope; picture-in-picture; web-share\" allowfullscreen><\/iframe>\n<\/div><\/figure>\n\n\n\n<figure class=\"wp-block-embed is-type-video is-provider-youtube wp-block-embed-youtube wp-embed-aspect-16-9 wp-has-aspect-ratio\"><div class=\"wp-block-embed__wrapper\">\n<iframe loading=\"lazy\" title=\"Teemap\u00e4ev &quot;Baltisaksa kultuurip\u00e4rand Eesti m\u00e4luasutustes&quot; (3. osa)\" width=\"1170\" height=\"658\" src=\"https:\/\/www.youtube.com\/embed\/rYDYn4CkBLg?list=PLJqER6uJKnn7tP5aR_C986S45bzIioP-7\" frameborder=\"0\" allow=\"accelerometer; autoplay; clipboard-write; encrypted-media; gyroscope; picture-in-picture; web-share\" allowfullscreen><\/iframe>\n<\/div><\/figure>\n","protected":false},"excerpt":{"rendered":"<p>Aufkl\u00e4rung, Freimaurerei, Estland Arbeitsblatt zum Video \u201eAufkl\u00e4rung, Freimaurerei, Estland\u201c Thementag \u201eDeutschbaltisches Kulturerbe in den Ged\u00e4chtniseinrichtungen Estlands\u201c<\/p>\n","protected":false},"author":1,"featured_media":0,"parent":0,"menu_order":0,"comment_status":"closed","ping_status":"closed","template":"","meta":{"footnotes":""},"class_list":["post-69","page","type-page","status-publish","hentry"],"_links":{"self":[{"href":"https:\/\/baltisaksaselts.ee\/de\/wp-json\/wp\/v2\/pages\/69","targetHints":{"allow":["GET"]}}],"collection":[{"href":"https:\/\/baltisaksaselts.ee\/de\/wp-json\/wp\/v2\/pages"}],"about":[{"href":"https:\/\/baltisaksaselts.ee\/de\/wp-json\/wp\/v2\/types\/page"}],"author":[{"embeddable":true,"href":"https:\/\/baltisaksaselts.ee\/de\/wp-json\/wp\/v2\/users\/1"}],"replies":[{"embeddable":true,"href":"https:\/\/baltisaksaselts.ee\/de\/wp-json\/wp\/v2\/comments?post=69"}],"version-history":[{"count":13,"href":"https:\/\/baltisaksaselts.ee\/de\/wp-json\/wp\/v2\/pages\/69\/revisions"}],"predecessor-version":[{"id":299,"href":"https:\/\/baltisaksaselts.ee\/de\/wp-json\/wp\/v2\/pages\/69\/revisions\/299"}],"wp:attachment":[{"href":"https:\/\/baltisaksaselts.ee\/de\/wp-json\/wp\/v2\/media?parent=69"}],"curies":[{"name":"wp","href":"https:\/\/api.w.org\/{rel}","templated":true}]}}