{"id":66,"date":"2021-08-03T08:49:38","date_gmt":"2021-08-03T08:49:38","guid":{"rendered":"https:\/\/baltisaksaselts.ee\/?page_id=66"},"modified":"2021-11-22T10:09:40","modified_gmt":"2021-11-22T10:09:40","slug":"kasulikud-lingid","status":"publish","type":"page","link":"https:\/\/baltisaksaselts.ee\/de\/kasulikud-lingid\/","title":{"rendered":"N\u00dcTZLICHE LINKS"},"content":{"rendered":"\n<p><a href=\"https:\/\/www.eki.ee\/dict\/bss\/\">Deutschbaltisches W\u00f6rterbuch<\/a> <\/p>\n\n\n\n<p><a href=\"http:\/\/www.mois.ee\/\">Gutsh\u00f6fe Estlands<\/a><\/p>\n\n\n\n<p><a href=\"https:\/\/digikogu.ekm.ee\/ekm\/artiklid\/aid-168\/Baltisaksa-kunst\">Deutschbaltische Kunst und akademische Kunst in Estland<\/a><\/p>\n\n\n\n<p><a href=\"https:\/\/utlib.ut.ee\/eeva\/\">Digitale Textsammlung \u00e4lterer Literatur Estlands<\/a><\/p>\n\n\n\n<p><a href=\"https:\/\/www.ra.ee\/dgs\/explorer.php\">Digitalisierte Archivalien des Estnischen Nationalarchivs<\/a><\/p>\n\n\n\n<p><a href=\"https:\/\/muuseum.tartu.ee\/tartu-dorpat\/\">Spaziergang in der Studentenstadt Dorpat<\/a><\/p>\n\n\n\n<p><a href=\"https:\/\/muuseum.tartu.ee\/tartu-dorpat\/\">BBLD \u2013 BaltisBaltisches biografisches Lexikon digital<\/a><\/p>\n","protected":false},"excerpt":{"rendered":"<p>Deutschbaltisches W\u00f6rterbuch Gutsh\u00f6fe Estlands Deutschbaltische Kunst und akademische Kunst in Estland Digitale Textsammlung \u00e4lterer Literatur Estlands Digitalisierte Archivalien des Estnischen Nationalarchivs Spaziergang in der Studentenstadt Dorpat BBLD \u2013 BaltisBaltisches biografisches Lexikon digital<\/p>\n","protected":false},"author":1,"featured_media":0,"parent":0,"menu_order":0,"comment_status":"closed","ping_status":"closed","template":"","meta":{"footnotes":""},"class_list":["post-66","page","type-page","status-publish","hentry"],"_links":{"self":[{"href":"https:\/\/baltisaksaselts.ee\/de\/wp-json\/wp\/v2\/pages\/66","targetHints":{"allow":["GET"]}}],"collection":[{"href":"https:\/\/baltisaksaselts.ee\/de\/wp-json\/wp\/v2\/pages"}],"about":[{"href":"https:\/\/baltisaksaselts.ee\/de\/wp-json\/wp\/v2\/types\/page"}],"author":[{"embeddable":true,"href":"https:\/\/baltisaksaselts.ee\/de\/wp-json\/wp\/v2\/users\/1"}],"replies":[{"embeddable":true,"href":"https:\/\/baltisaksaselts.ee\/de\/wp-json\/wp\/v2\/comments?post=66"}],"version-history":[{"count":7,"href":"https:\/\/baltisaksaselts.ee\/de\/wp-json\/wp\/v2\/pages\/66\/revisions"}],"predecessor-version":[{"id":211,"href":"https:\/\/baltisaksaselts.ee\/de\/wp-json\/wp\/v2\/pages\/66\/revisions\/211"}],"wp:attachment":[{"href":"https:\/\/baltisaksaselts.ee\/de\/wp-json\/wp\/v2\/media?parent=66"}],"curies":[{"name":"wp","href":"https:\/\/api.w.org\/{rel}","templated":true}]}}