{"id":47,"date":"2021-08-03T08:32:15","date_gmt":"2021-08-03T08:32:15","guid":{"rendered":"https:\/\/baltisaksaselts.ee\/?page_id=47"},"modified":"2021-11-22T10:02:02","modified_gmt":"2021-11-22T10:02:02","slug":"koostoopartnerid","status":"publish","type":"page","link":"https:\/\/baltisaksaselts.ee\/de\/koostoopartnerid\/","title":{"rendered":"UNSERE PARTNER"},"content":{"rendered":"\n<p>Stadtarchiv Tallinn (Tallinna Linnaarhiiv) <a href=\"https:\/\/www.tallinn.ee\/arhiivindus\/Tallinna-Linnaarhiivi-tutvustus\">https:\/\/www.tallinn.ee\/arhiivindus\/Tallinna-Linnaarhiivi-tutvustus<\/a><\/p>\n\n\n\n<p>Estnisches Nationalmuseum (Eesti Rahva Muuseum) <a href=\"https:\/\/www.erm.ee\/\">https:\/\/www.erm.ee\/<\/a><\/p>\n\n\n\n<p>Estnisches Historisches Museum (Eesti Ajaloomuuseum) <a href=\"https:\/\/www.ajaloomuuseum.ee\/\">https:\/\/www.ajaloomuuseum.ee\/<\/a><\/p>\n\n\n\n<p>Estnisches Nationalarchiv (Rahvusarhiiv) <a href=\"https:\/\/www.ra.ee\/\">https:\/\/www.ra.ee\/<\/a><\/p>\n\n\n\n<p>Universit\u00e4t Tallinn (Tallinna \u00dclikool) <a href=\"https:\/\/www.tlu.ee\/\">https:\/\/www.tlu.ee\/<\/a><\/p>\n\n\n\n<p>Stadtmuseum Tallinn (Tallinna Linnamuuseum) <a href=\"https:\/\/www.linnamuuseum.ee\/\">https:\/\/www.linnamuuseum.ee\/<\/a><\/p>\n\n\n\n<p>Estnisches Institut f\u00fcr Historisches Ged\u00e4chtnis (Eesti M\u00e4lu Instituut) <a href=\"http:\/\/mnemosyne.ee\/\">http:\/\/mnemosyne.ee\/<\/a><\/p>\n\n\n\n<p>Estnisches Kunstmuseum (Eesti Kunstimuuseum) <a href=\"https:\/\/kunstimuuseum.ekm.ee\/\">https:\/\/kunstimuuseum.ekm.ee\/<\/a><\/p>\n\n\n\n<p>Carl-Schirren-Gesellschaft, L\u00fcneburg <a href=\"https:\/\/www.db-kulturwerk.de\/carl-schirren-gesellschaft-e-v\">https:\/\/www.db-kulturwerk.de\/carl-schirren-gesellschaft-e-v<\/a><\/p>\n\n\n\n<p>Deutsch-Baltische Gesellschaft, Darmstadt <a href=\"https:\/\/www.deutsch-balten.com\/\">https:\/\/www.deutsch-balten.com\/<\/a><\/p>\n","protected":false},"excerpt":{"rendered":"<p>Stadtarchiv Tallinn (Tallinna Linnaarhiiv) https:\/\/www.tallinn.ee\/arhiivindus\/Tallinna-Linnaarhiivi-tutvustus Estnisches Nationalmuseum (Eesti Rahva Muuseum) https:\/\/www.erm.ee\/ Estnisches Historisches Museum (Eesti Ajaloomuuseum) https:\/\/www.ajaloomuuseum.ee\/ Estnisches Nationalarchiv (Rahvusarhiiv) https:\/\/www.ra.ee\/ Universit\u00e4t Tallinn (Tallinna \u00dclikool) https:\/\/www.tlu.ee\/ Stadtmuseum Tallinn (Tallinna Linnamuuseum) https:\/\/www.linnamuuseum.ee\/ Estnisches Institut f\u00fcr Historisches Ged\u00e4chtnis (Eesti M\u00e4lu Instituut) http:\/\/mnemosyne.ee\/ Estnisches Kunstmuseum (Eesti Kunstimuuseum) https:\/\/kunstimuuseum.ekm.ee\/ Carl-Schirren-Gesellschaft, L\u00fcneburg https:\/\/www.db-kulturwerk.de\/carl-schirren-gesellschaft-e-v Deutsch-Baltische Gesellschaft, Darmstadt https:\/\/www.deutsch-balten.com\/<\/p>\n","protected":false},"author":1,"featured_media":0,"parent":0,"menu_order":0,"comment_status":"closed","ping_status":"closed","template":"","meta":{"footnotes":""},"class_list":["post-47","page","type-page","status-publish","hentry"],"_links":{"self":[{"href":"https:\/\/baltisaksaselts.ee\/de\/wp-json\/wp\/v2\/pages\/47","targetHints":{"allow":["GET"]}}],"collection":[{"href":"https:\/\/baltisaksaselts.ee\/de\/wp-json\/wp\/v2\/pages"}],"about":[{"href":"https:\/\/baltisaksaselts.ee\/de\/wp-json\/wp\/v2\/types\/page"}],"author":[{"embeddable":true,"href":"https:\/\/baltisaksaselts.ee\/de\/wp-json\/wp\/v2\/users\/1"}],"replies":[{"embeddable":true,"href":"https:\/\/baltisaksaselts.ee\/de\/wp-json\/wp\/v2\/comments?post=47"}],"version-history":[{"count":5,"href":"https:\/\/baltisaksaselts.ee\/de\/wp-json\/wp\/v2\/pages\/47\/revisions"}],"predecessor-version":[{"id":200,"href":"https:\/\/baltisaksaselts.ee\/de\/wp-json\/wp\/v2\/pages\/47\/revisions\/200"}],"wp:attachment":[{"href":"https:\/\/baltisaksaselts.ee\/de\/wp-json\/wp\/v2\/media?parent=47"}],"curies":[{"name":"wp","href":"https:\/\/api.w.org\/{rel}","templated":true}]}}