{"id":33,"date":"2021-08-03T08:21:23","date_gmt":"2021-08-03T08:21:23","guid":{"rendered":"https:\/\/baltisaksaselts.ee\/?page_id=33"},"modified":"2021-08-19T08:04:54","modified_gmt":"2021-08-19T08:04:54","slug":"meist","status":"publish","type":"page","link":"https:\/\/baltisaksaselts.ee\/de\/meist\/","title":{"rendered":"\u00dcBERBLICK"},"content":{"rendered":"\n<p>Die Gesellschaft f\u00fcr deutschbaltische Kultur in Estland ist eine Vereinigung von Menschen, die davon \u00fcberzeugt sind, dass deutschbaltische Forscher, K\u00fcnstler, Architekten, Schriftsteller und Politiker wertvolle, wichtige und interessante Beitr\u00e4ge zur Geschichte Estlands geleistet haben. Die Gesellschaft wurde im Dezember 1988 gegr\u00fcndet. Seit nunmehr \u00fcber zwanzig Jahren trifft man sich jeweils am letzten Mittwoch des Monats um 17 Uhr, um bei einer Tasse Kaffee einem Vortrag zu folgen und sich \u00fcber verschiedene Aspekte der deutschbaltischen Kultur auszutauschen. Gelegentlich werden auch Seminare f\u00fcr ein gr\u00f6\u00dferes Publikum veranstaltet (so 1999, 2006, 2010 und 2013), mit anschlie\u00dfender Ver\u00f6ffentlichung der Vortr\u00e4ge.<\/p>\n\n\n\n<p>Au\u00dfer den Vortragsversammlungen findet mindestens einmal im Jahr eine Exkursion in Estland oder Lettland statt. Die Gesellschaft ist in ihrer T\u00e4tigkeit stets um Ausgewogenheit zwischen akademischer und popul\u00e4rwissenschaftlicher Ausrichtung bem\u00fcht gewesen und dies hat wohl auch zu ihrem Erfolg beigetragen. Heute, im Jahr 2018 hat die Gesellschaft 60 Mitglieder, darunter sechs Deutsche. Die Mitgliederzahl \u00e4ndert sich st\u00e4ndig und der Trend geht zur Verj\u00fcngung der Mitglieder. Der Gesellschaft geh\u00f6ren Menschen aus verschiedenen T\u00e4tigkeitsbereichen an: Historiker, Germanisten, Buchkundler, Tourismusfachleute, Fremdenf\u00fchrer u.a.<\/p>\n\n\n\n<div class=\"wp-block-file\"><a href=\"https:\/\/baltisaksaselts.ee\/wp-content\/uploads\/2021\/08\/Gesellschaft_fur_deutschbaltische_Kultur_in_Estland.ppt\">Gesellschaft_fur_deutschbaltische_Kultur_in_Estland<\/a><a href=\"https:\/\/baltisaksaselts.ee\/wp-content\/uploads\/2021\/08\/Gesellschaft_fur_deutschbaltische_Kultur_in_Estland.ppt\" class=\"wp-block-file__button\" download>Laadi alla<\/a><\/div>\n\n\n\n<p><\/p>\n","protected":false},"excerpt":{"rendered":"<p>Die Gesellschaft f\u00fcr deutschbaltische Kultur in Estland ist eine Vereinigung von Menschen, die davon \u00fcberzeugt sind, dass deutschbaltische Forscher, K\u00fcnstler, Architekten, Schriftsteller und Politiker wertvolle, wichtige und interessante Beitr\u00e4ge zur Geschichte Estlands geleistet haben. Die Gesellschaft wurde im Dezember 1988 gegr\u00fcndet. Seit nunmehr \u00fcber zwanzig Jahren trifft man sich jeweils am letzten Mittwoch des Monats [&hellip;]<\/p>\n","protected":false},"author":1,"featured_media":0,"parent":0,"menu_order":0,"comment_status":"closed","ping_status":"closed","template":"","meta":{"footnotes":""},"class_list":["post-33","page","type-page","status-publish","hentry"],"_links":{"self":[{"href":"https:\/\/baltisaksaselts.ee\/de\/wp-json\/wp\/v2\/pages\/33","targetHints":{"allow":["GET"]}}],"collection":[{"href":"https:\/\/baltisaksaselts.ee\/de\/wp-json\/wp\/v2\/pages"}],"about":[{"href":"https:\/\/baltisaksaselts.ee\/de\/wp-json\/wp\/v2\/types\/page"}],"author":[{"embeddable":true,"href":"https:\/\/baltisaksaselts.ee\/de\/wp-json\/wp\/v2\/users\/1"}],"replies":[{"embeddable":true,"href":"https:\/\/baltisaksaselts.ee\/de\/wp-json\/wp\/v2\/comments?post=33"}],"version-history":[{"count":4,"href":"https:\/\/baltisaksaselts.ee\/de\/wp-json\/wp\/v2\/pages\/33\/revisions"}],"predecessor-version":[{"id":184,"href":"https:\/\/baltisaksaselts.ee\/de\/wp-json\/wp\/v2\/pages\/33\/revisions\/184"}],"wp:attachment":[{"href":"https:\/\/baltisaksaselts.ee\/de\/wp-json\/wp\/v2\/media?parent=33"}],"curies":[{"name":"wp","href":"https:\/\/api.w.org\/{rel}","templated":true}]}}